{"id":24,"date":"2023-07-10T13:24:58","date_gmt":"2023-07-10T18:24:58","guid":{"rendered":"https:\/\/www.tecvalles.mx\/wp\/?page_id=24"},"modified":"2025-09-05T13:32:56","modified_gmt":"2025-09-05T19:32:56","slug":"escudo","status":"publish","type":"page","link":"https:\/\/www.tecvalles.mx\/wp\/escudo\/","title":{"rendered":"ESCUDO"},"content":{"rendered":"\n<div style=\"height:20px\" aria-hidden=\"true\" class=\"wp-block-spacer\"><\/div>\n\n\n\n<div class=\"wp-block-columns is-layout-flex wp-container-core-columns-is-layout-28f84493 wp-block-columns-is-layout-flex\">\n<div class=\"wp-block-column is-layout-flow wp-block-column-is-layout-flow\" style=\"flex-basis:100%\">\n<h2 class=\"wp-block-heading has-text-align-center has-text-color\" style=\"color:#1b396a\"><strong>ESCUDO<\/strong><\/h2>\n<\/div>\n<\/div>\n\n\n\n<div style=\"height:20px\" aria-hidden=\"true\" class=\"wp-block-spacer\"><\/div>\n\n\n\n<div class=\"wp-block-columns is-layout-flex wp-container-core-columns-is-layout-28f84493 wp-block-columns-is-layout-flex\">\n<div class=\"wp-block-column is-layout-flow wp-block-column-is-layout-flow\" style=\"flex-basis:100%\">\n<figure class=\"wp-block-image aligncenter size-full\"><img decoding=\"async\" width=\"202\" height=\"133\" src=\"https:\/\/www.tecvalles.mx\/wp\/wp-content\/uploads\/2023\/07\/logotec.png\" alt=\"\" class=\"wp-image-25\"\/><\/figure>\n<\/div>\n<\/div>\n\n\n\n<div style=\"height:20px\" aria-hidden=\"true\" class=\"wp-block-spacer\"><\/div>\n\n\n\n<div class=\"wp-block-columns is-layout-flex wp-container-core-columns-is-layout-28f84493 wp-block-columns-is-layout-flex\">\n<div class=\"wp-block-column is-layout-flow wp-block-column-is-layout-flow\" style=\"flex-basis:100%\">\n<p class=\"justificado has-black-color has-text-color has-medium-font-size\">El escudo del Instituto Tecnol\u00f3gico de Ciudad Valles fue dise\u00f1ado en Septiembre de 1993, con la finalidad de representar a la Instituci\u00f3n. Sus caracter\u00edsticas permiten tener una visi\u00f3n de lo que representa el Tecnol\u00f3gico.<\/p>\n<\/div>\n<\/div>\n\n\n\n<div style=\"height:20px\" aria-hidden=\"true\" class=\"wp-block-spacer\"><\/div>\n\n\n\n<div class=\"wp-block-columns is-layout-flex wp-container-core-columns-is-layout-28f84493 wp-block-columns-is-layout-flex\">\n<div class=\"wp-block-column is-layout-flow wp-block-column-is-layout-flow\" style=\"flex-basis:100%\">\n<p class=\"justificado has-black-color has-text-color has-medium-font-size\">El engrane significa el c\u00famulo de los conocimientos integrados a las ingenier\u00edas y encierra las torres el\u00e9ctricas que representan la generaci\u00f3n de energ\u00eda que mueven todos los procesos productivos; la computadora, representa la Lic. en Inform\u00e1tica, y en la pantalla se visualiza una gr\u00e1fica que muestra el impulso productivo de las empresas.<\/p>\n<\/div>\n<\/div>\n\n\n\n<div style=\"height:20px\" aria-hidden=\"true\" class=\"wp-block-spacer\"><\/div>\n\n\n\n<div class=\"wp-block-columns is-layout-flex wp-container-core-columns-is-layout-28f84493 wp-block-columns-is-layout-flex\">\n<div class=\"wp-block-column is-layout-flow wp-block-column-is-layout-flow\" style=\"flex-basis:100%\">\n<p class=\"justificado has-black-color has-text-color has-medium-font-size\">Contiene en el centro del escudo el estado de San Luis Potos\u00ed, en el cual se encuentra asentada una cabeza de toro y una mazorca, que representan la fecundidad de la Huasteca Potosina; el \u00e1tomo, el matraz y los electrones dispuestos en tri\u00e1ngulo representan la perfecci\u00f3n en cuanto a la calidad para la producci\u00f3n.<\/p>\n<\/div>\n<\/div>\n\n\n\n<div style=\"height:20px\" aria-hidden=\"true\" class=\"wp-block-spacer\"><\/div>\n","protected":false},"excerpt":{"rendered":"<p>ESCUDO El escudo del Instituto Tecnol\u00f3gico de Ciudad Valles fue dise\u00f1ado en Septiembre de 1993, con la finalidad de representar a la Instituci\u00f3n. Sus caracter\u00edsticas permiten tener una visi\u00f3n de lo que representa el Tecnol\u00f3gico. El engrane significa el c\u00famulo de los conocimientos integrados a las ingenier\u00edas y encierra las torres el\u00e9ctricas que representan la [&hellip;]<\/p>\n","protected":false},"author":1,"featured_media":0,"parent":0,"menu_order":0,"comment_status":"closed","ping_status":"closed","template":"","meta":{"_eb_attr":"","site-sidebar-layout":"default","site-content-layout":"plain-container","ast-site-content-layout":"normal-width-container","site-content-style":"unboxed","site-sidebar-style":"unboxed","ast-global-header-display":"","ast-banner-title-visibility":"","ast-main-header-display":"","ast-hfb-above-header-display":"","ast-hfb-below-header-display":"","ast-hfb-mobile-header-display":"","site-post-title":"disabled","ast-breadcrumbs-content":"","ast-featured-img":"","footer-sml-layout":"","theme-transparent-header-meta":"","adv-header-id-meta":"","stick-header-meta":"","header-above-stick-meta":"","header-main-stick-meta":"","header-below-stick-meta":"","astra-migrate-meta-layouts":"set","ast-page-background-enabled":"default","ast-page-background-meta":{"desktop":{"background-color":"var(--ast-global-color-4)","background-image":"","background-repeat":"repeat","background-position":"center center","background-size":"auto","background-attachment":"scroll","background-type":"","background-media":"","overlay-type":"","overlay-color":"","overlay-opacity":"","overlay-gradient":""},"tablet":{"background-color":"","background-image":"","background-repeat":"repeat","background-position":"center center","background-size":"auto","background-attachment":"scroll","background-type":"","background-media":"","overlay-type":"","overlay-color":"","overlay-opacity":"","overlay-gradient":""},"mobile":{"background-color":"","background-image":"","background-repeat":"repeat","background-position":"center center","background-size":"auto","background-attachment":"scroll","background-type":"","background-media":"","overlay-type":"","overlay-color":"","overlay-opacity":"","overlay-gradient":""}},"ast-content-background-meta":{"desktop":{"background-color":"var(--ast-global-color-5)","background-image":"","background-repeat":"repeat","background-position":"center center","background-size":"auto","background-attachment":"scroll","background-type":"","background-media":"","overlay-type":"","overlay-color":"","overlay-opacity":"","overlay-gradient":""},"tablet":{"background-color":"var(--ast-global-color-5)","background-image":"","background-repeat":"repeat","background-position":"center center","background-size":"auto","background-attachment":"scroll","background-type":"","background-media":"","overlay-type":"","overlay-color":"","overlay-opacity":"","overlay-gradient":""},"mobile":{"background-color":"var(--ast-global-color-5)","background-image":"","background-repeat":"repeat","background-position":"center center","background-size":"auto","background-attachment":"scroll","background-type":"","background-media":"","overlay-type":"","overlay-color":"","overlay-opacity":"","overlay-gradient":""}},"footnotes":""},"class_list":["post-24","page","type-page","status-publish","hentry"],"_links":{"self":[{"href":"https:\/\/www.tecvalles.mx\/wp\/wp-json\/wp\/v2\/pages\/24","targetHints":{"allow":["GET"]}}],"collection":[{"href":"https:\/\/www.tecvalles.mx\/wp\/wp-json\/wp\/v2\/pages"}],"about":[{"href":"https:\/\/www.tecvalles.mx\/wp\/wp-json\/wp\/v2\/types\/page"}],"author":[{"embeddable":true,"href":"https:\/\/www.tecvalles.mx\/wp\/wp-json\/wp\/v2\/users\/1"}],"replies":[{"embeddable":true,"href":"https:\/\/www.tecvalles.mx\/wp\/wp-json\/wp\/v2\/comments?post=24"}],"version-history":[{"count":11,"href":"https:\/\/www.tecvalles.mx\/wp\/wp-json\/wp\/v2\/pages\/24\/revisions"}],"predecessor-version":[{"id":9665,"href":"https:\/\/www.tecvalles.mx\/wp\/wp-json\/wp\/v2\/pages\/24\/revisions\/9665"}],"wp:attachment":[{"href":"https:\/\/www.tecvalles.mx\/wp\/wp-json\/wp\/v2\/media?parent=24"}],"curies":[{"name":"wp","href":"https:\/\/api.w.org\/{rel}","templated":true}]}}